{"id":4413,"date":"2025-06-26T10:20:18","date_gmt":"2025-06-26T08:20:18","guid":{"rendered":"https:\/\/estudiblanc.net\/?page_id=4413"},"modified":"2026-02-13T10:17:44","modified_gmt":"2026-02-13T09:17:44","slug":"inicio","status":"publish","type":"page","link":"https:\/\/estudiblanc.net\/es\/","title":{"rendered":"Inicio"},"content":{"rendered":"<p><div class=\"fusion-fullwidth fullwidth-box fusion-builder-row-1 fusion-flex-container has-pattern-background has-mask-background nonhundred-percent-fullwidth non-hundred-percent-height-scrolling\" style=\"--awb-border-radius-top-left:0px;--awb-border-radius-top-right:0px;--awb-border-radius-bottom-right:0px;--awb-border-radius-bottom-left:0px;--awb-flex-wrap:wrap;\" ><div class=\"fusion-builder-row fusion-row fusion-flex-align-items-flex-start fusion-flex-content-wrap\" style=\"max-width:1331.2px;margin-left: calc(-4% \/ 2 );margin-right: calc(-4% \/ 2 );\"><div class=\"fusion-layout-column fusion_builder_column fusion-builder-column-0 fusion_builder_column_3_5 3_5 fusion-flex-column\" style=\"--awb-bg-size:cover;--awb-width-large:60%;--awb-margin-top-large:0px;--awb-spacing-right-large:3.2%;--awb-margin-bottom-large:20px;--awb-spacing-left-large:3.2%;--awb-width-medium:100%;--awb-order-medium:0;--awb-spacing-right-medium:1.92%;--awb-spacing-left-medium:1.92%;--awb-width-small:100%;--awb-order-small:0;--awb-spacing-right-small:1.92%;--awb-spacing-left-small:1.92%;\" data-scroll-devices=\"small-visibility,medium-visibility,large-visibility\"><div class=\"fusion-column-wrapper fusion-column-has-shadow fusion-flex-justify-content-flex-start fusion-content-layout-column\"><div class=\"fusion-text fusion-text-1\"><h3>Concepto. Estrategia. Comunicaci\u00f3n. Creatividad. Dise\u00f1o y producci\u00f3n de proyectos. Museograf\u00eda. Exposiciones. Imagen de marca. Editorial. Digital. Ilustraci\u00f3n.<\/h3>\n<\/div><\/div><\/div><div class=\"fusion-layout-column fusion_builder_column fusion-builder-column-1 fusion_builder_column_1_1 1_1 fusion-flex-column\" style=\"--awb-bg-size:cover;--awb-width-large:100%;--awb-margin-top-large:0px;--awb-spacing-right-large:1.92%;--awb-margin-bottom-large:20px;--awb-spacing-left-large:1.92%;--awb-width-medium:100%;--awb-order-medium:0;--awb-spacing-right-medium:1.92%;--awb-spacing-left-medium:1.92%;--awb-width-small:100%;--awb-order-small:0;--awb-spacing-right-small:1.92%;--awb-spacing-left-small:1.92%;\" data-scroll-devices=\"small-visibility,medium-visibility,large-visibility\"><div class=\"fusion-column-wrapper fusion-column-has-shadow fusion-flex-justify-content-flex-start fusion-content-layout-column\"><div class=\"fusion-image-element \" style=\"--awb-margin-bottom:20px;--awb-caption-title-font-family:var(--h2_typography-font-family);--awb-caption-title-font-weight:var(--h2_typography-font-weight);--awb-caption-title-font-style:var(--h2_typography-font-style);--awb-caption-title-size:var(--h2_typography-font-size);--awb-caption-title-transform:var(--h2_typography-text-transform);--awb-caption-title-line-height:var(--h2_typography-line-height);--awb-caption-title-letter-spacing:var(--h2_typography-letter-spacing);\"><span class=\" fusion-imageframe imageframe-none imageframe-1 hover-type-zoomin\"><a class=\"fusion-no-lightbox\" href=\"https:\/\/estudiblanc.net\/es\/proyecto\/artistas-comprometidas-con-la-republica-1931-1939\/\" target=\"_self\" aria-label=\"Estudi Blanc I B\u00e0rbara Blanc I Disseny\"><img decoding=\"async\" width=\"2560\" height=\"1428\" alt=\"Estudi Blanc I B\u00e0rbara Blanc I Disseny\" src=\"https:\/\/estudiblanc.net\/wp-content\/uploads\/2025\/07\/Barbara_Blanc_Home.webp\" class=\"img-responsive wp-image-4399\" srcset=\"https:\/\/estudiblanc.net\/wp-content\/uploads\/2025\/07\/Barbara_Blanc_Home-200x112.webp 200w, https:\/\/estudiblanc.net\/wp-content\/uploads\/2025\/07\/Barbara_Blanc_Home-400x223.webp 400w, https:\/\/estudiblanc.net\/wp-content\/uploads\/2025\/07\/Barbara_Blanc_Home-600x335.webp 600w, https:\/\/estudiblanc.net\/wp-content\/uploads\/2025\/07\/Barbara_Blanc_Home-800x446.webp 800w, https:\/\/estudiblanc.net\/wp-content\/uploads\/2025\/07\/Barbara_Blanc_Home-1200x669.webp 1200w, https:\/\/estudiblanc.net\/wp-content\/uploads\/2025\/07\/Barbara_Blanc_Home.webp 2560w\" sizes=\"(max-width: 640px) 100vw, 2560px\" \/><\/a><\/span><\/div><div class=\"fusion-image-element \" style=\"--awb-margin-bottom:20px;--awb-caption-title-font-family:var(--h2_typography-font-family);--awb-caption-title-font-weight:var(--h2_typography-font-weight);--awb-caption-title-font-style:var(--h2_typography-font-style);--awb-caption-title-size:var(--h2_typography-font-size);--awb-caption-title-transform:var(--h2_typography-text-transform);--awb-caption-title-line-height:var(--h2_typography-line-height);--awb-caption-title-letter-spacing:var(--h2_typography-letter-spacing);\"><span class=\" fusion-imageframe imageframe-none imageframe-2 hover-type-zoomin\"><a class=\"fusion-no-lightbox\" href=\"https:\/\/estudiblanc.net\/es\/proyecto\/matimanana\/\" target=\"_self\" aria-label=\"Estudi Blanc I B\u00e0rbara Blanc I Disseny\"><img decoding=\"async\" width=\"1688\" height=\"941\" alt=\"Estudi Blanc I B\u00e0rbara Blanc I Disseny\" src=\"https:\/\/estudiblanc.net\/wp-content\/uploads\/2025\/07\/Barbara_Blanc_Matimanana.webp\" class=\"img-responsive wp-image-4404\" srcset=\"https:\/\/estudiblanc.net\/wp-content\/uploads\/2025\/07\/Barbara_Blanc_Matimanana-200x111.webp 200w, https:\/\/estudiblanc.net\/wp-content\/uploads\/2025\/07\/Barbara_Blanc_Matimanana-400x223.webp 400w, https:\/\/estudiblanc.net\/wp-content\/uploads\/2025\/07\/Barbara_Blanc_Matimanana-600x334.webp 600w, https:\/\/estudiblanc.net\/wp-content\/uploads\/2025\/07\/Barbara_Blanc_Matimanana-800x446.webp 800w, https:\/\/estudiblanc.net\/wp-content\/uploads\/2025\/07\/Barbara_Blanc_Matimanana-1200x669.webp 1200w, https:\/\/estudiblanc.net\/wp-content\/uploads\/2025\/07\/Barbara_Blanc_Matimanana.webp 1688w\" sizes=\"(max-width: 640px) 100vw, 1688px\" \/><\/a><\/span><\/div><div class=\"fusion-image-element \" style=\"--awb-margin-bottom:20px;--awb-caption-title-font-family:var(--h2_typography-font-family);--awb-caption-title-font-weight:var(--h2_typography-font-weight);--awb-caption-title-font-style:var(--h2_typography-font-style);--awb-caption-title-size:var(--h2_typography-font-size);--awb-caption-title-transform:var(--h2_typography-text-transform);--awb-caption-title-line-height:var(--h2_typography-line-height);--awb-caption-title-letter-spacing:var(--h2_typography-letter-spacing);\"><span class=\" fusion-imageframe imageframe-none imageframe-3 hover-type-zoomin\"><a class=\"fusion-no-lightbox\" href=\"https:\/\/estudiblanc.net\/es\/proyecto\/centro-de-interpretacion-de-la-presa-de-la-baells\/\" target=\"_self\" aria-label=\"Estudi Blanc I B\u00e0rbara Blanc I Disseny\"><img decoding=\"async\" width=\"1468\" height=\"819\" alt=\"Estudi Blanc I B\u00e0rbara Blanc I Disseny\" src=\"https:\/\/estudiblanc.net\/wp-content\/uploads\/2025\/07\/Barbara_Blanc_La_Baells.webp\" class=\"img-responsive wp-image-4405\" srcset=\"https:\/\/estudiblanc.net\/wp-content\/uploads\/2025\/07\/Barbara_Blanc_La_Baells-200x112.webp 200w, https:\/\/estudiblanc.net\/wp-content\/uploads\/2025\/07\/Barbara_Blanc_La_Baells-400x223.webp 400w, https:\/\/estudiblanc.net\/wp-content\/uploads\/2025\/07\/Barbara_Blanc_La_Baells-600x335.webp 600w, https:\/\/estudiblanc.net\/wp-content\/uploads\/2025\/07\/Barbara_Blanc_La_Baells-800x446.webp 800w, https:\/\/estudiblanc.net\/wp-content\/uploads\/2025\/07\/Barbara_Blanc_La_Baells-1200x669.webp 1200w, https:\/\/estudiblanc.net\/wp-content\/uploads\/2025\/07\/Barbara_Blanc_La_Baells.webp 1468w\" sizes=\"(max-width: 640px) 100vw, 1468px\" \/><\/a><\/span><\/div><div class=\"fusion-image-element \" style=\"--awb-margin-bottom:20px;--awb-caption-title-font-family:var(--h2_typography-font-family);--awb-caption-title-font-weight:var(--h2_typography-font-weight);--awb-caption-title-font-style:var(--h2_typography-font-style);--awb-caption-title-size:var(--h2_typography-font-size);--awb-caption-title-transform:var(--h2_typography-text-transform);--awb-caption-title-line-height:var(--h2_typography-line-height);--awb-caption-title-letter-spacing:var(--h2_typography-letter-spacing);\"><span class=\" fusion-imageframe imageframe-none imageframe-4 hover-type-zoomin\"><a class=\"fusion-no-lightbox\" href=\"https:\/\/estudiblanc.net\/es\/proyecto\/guastavino-rubio-y-baldrich-arquitectos-de-la-escuela-industrial\/\" target=\"_self\" aria-label=\"Estudi Blanc I B\u00e0rbara Blanc I Disseny\"><img decoding=\"async\" width=\"1825\" height=\"1018\" alt=\"Estudi Blanc I B\u00e0rbara Blanc I Disseny\" src=\"https:\/\/estudiblanc.net\/wp-content\/uploads\/2025\/07\/Barbara_Blanc_Escola_Industrial.webp\" class=\"img-responsive wp-image-4406\" srcset=\"https:\/\/estudiblanc.net\/wp-content\/uploads\/2025\/07\/Barbara_Blanc_Escola_Industrial-200x112.webp 200w, https:\/\/estudiblanc.net\/wp-content\/uploads\/2025\/07\/Barbara_Blanc_Escola_Industrial-400x223.webp 400w, https:\/\/estudiblanc.net\/wp-content\/uploads\/2025\/07\/Barbara_Blanc_Escola_Industrial-600x335.webp 600w, https:\/\/estudiblanc.net\/wp-content\/uploads\/2025\/07\/Barbara_Blanc_Escola_Industrial-800x446.webp 800w, https:\/\/estudiblanc.net\/wp-content\/uploads\/2025\/07\/Barbara_Blanc_Escola_Industrial-1200x669.webp 1200w, https:\/\/estudiblanc.net\/wp-content\/uploads\/2025\/07\/Barbara_Blanc_Escola_Industrial.webp 1825w\" sizes=\"(max-width: 640px) 100vw, 1825px\" \/><\/a><\/span><\/div><div class=\"fusion-image-element \" style=\"--awb-margin-bottom:20px;--awb-caption-title-font-family:var(--h2_typography-font-family);--awb-caption-title-font-weight:var(--h2_typography-font-weight);--awb-caption-title-font-style:var(--h2_typography-font-style);--awb-caption-title-size:var(--h2_typography-font-size);--awb-caption-title-transform:var(--h2_typography-text-transform);--awb-caption-title-line-height:var(--h2_typography-line-height);--awb-caption-title-letter-spacing:var(--h2_typography-letter-spacing);\"><span class=\" fusion-imageframe imageframe-none imageframe-5 hover-type-zoomin\"><a class=\"fusion-no-lightbox\" href=\"https:\/\/estudiblanc.net\/es\/proyecto\/fragata-barcelona-museo-maritimo\/\" target=\"_self\" aria-label=\"Estudi Blanc I B\u00e0rbara Blanc I Disseny\"><img decoding=\"async\" width=\"1827\" height=\"1019\" alt=\"Estudi Blanc I B\u00e0rbara Blanc I Disseny\" src=\"https:\/\/estudiblanc.net\/wp-content\/uploads\/2025\/07\/Barbara_Blanc_Museu_maritim.webp\" class=\"img-responsive wp-image-4407\" srcset=\"https:\/\/estudiblanc.net\/wp-content\/uploads\/2025\/07\/Barbara_Blanc_Museu_maritim-200x112.webp 200w, https:\/\/estudiblanc.net\/wp-content\/uploads\/2025\/07\/Barbara_Blanc_Museu_maritim-400x223.webp 400w, https:\/\/estudiblanc.net\/wp-content\/uploads\/2025\/07\/Barbara_Blanc_Museu_maritim-600x335.webp 600w, https:\/\/estudiblanc.net\/wp-content\/uploads\/2025\/07\/Barbara_Blanc_Museu_maritim-800x446.webp 800w, https:\/\/estudiblanc.net\/wp-content\/uploads\/2025\/07\/Barbara_Blanc_Museu_maritim-1200x669.webp 1200w, https:\/\/estudiblanc.net\/wp-content\/uploads\/2025\/07\/Barbara_Blanc_Museu_maritim.webp 1827w\" sizes=\"(max-width: 640px) 100vw, 1827px\" \/><\/a><\/span><\/div><div class=\"fusion-image-element \" style=\"--awb-margin-bottom:20px;--awb-caption-title-font-family:var(--h2_typography-font-family);--awb-caption-title-font-weight:var(--h2_typography-font-weight);--awb-caption-title-font-style:var(--h2_typography-font-style);--awb-caption-title-size:var(--h2_typography-font-size);--awb-caption-title-transform:var(--h2_typography-text-transform);--awb-caption-title-line-height:var(--h2_typography-line-height);--awb-caption-title-letter-spacing:var(--h2_typography-letter-spacing);\"><span class=\" fusion-imageframe imageframe-none imageframe-6 hover-type-zoomin\"><a class=\"fusion-no-lightbox\" href=\"https:\/\/estudiblanc.net\/es\/proyecto\/consorcio-de-los-museos-de-sitges\/\" target=\"_self\" aria-label=\"Estudi Blanc I B\u00e0rbara Blanc I Disseny\"><img decoding=\"async\" width=\"1832\" height=\"1022\" alt=\"Estudi Blanc I B\u00e0rbara Blanc I Disseny\" src=\"https:\/\/estudiblanc.net\/wp-content\/uploads\/2025\/07\/Barbara_Blanc_Sitges.webp\" class=\"img-responsive wp-image-4408\" srcset=\"https:\/\/estudiblanc.net\/wp-content\/uploads\/2025\/07\/Barbara_Blanc_Sitges-200x112.webp 200w, https:\/\/estudiblanc.net\/wp-content\/uploads\/2025\/07\/Barbara_Blanc_Sitges-400x223.webp 400w, https:\/\/estudiblanc.net\/wp-content\/uploads\/2025\/07\/Barbara_Blanc_Sitges-600x335.webp 600w, https:\/\/estudiblanc.net\/wp-content\/uploads\/2025\/07\/Barbara_Blanc_Sitges-800x446.webp 800w, https:\/\/estudiblanc.net\/wp-content\/uploads\/2025\/07\/Barbara_Blanc_Sitges-1200x669.webp 1200w, https:\/\/estudiblanc.net\/wp-content\/uploads\/2025\/07\/Barbara_Blanc_Sitges.webp 1832w\" sizes=\"(max-width: 640px) 100vw, 1832px\" \/><\/a><\/span><\/div><div style=\"text-align:center;\"><a class=\"fusion-button button-flat fusion-button-default-size button-default fusion-button-default button-1 fusion-button-default-span fusion-button-default-type\" style=\"--awb-margin-top:10px;--awb-margin-bottom:10px;\" target=\"_self\" href=\"https:\/\/estudiblanc.net\/es\/proyectos\/\"><span class=\"fusion-button-text awb-button__text awb-button__text--default\">Ver m\u00e1s<\/span><\/a><\/div><\/div><\/div><\/div><\/div><div class=\"fusion-fullwidth fullwidth-box fusion-builder-row-2 fusion-flex-container has-pattern-background has-mask-background hundred-percent-fullwidth non-hundred-percent-height-scrolling\" style=\"--awb-border-radius-top-left:0px;--awb-border-radius-top-right:0px;--awb-border-radius-bottom-right:0px;--awb-border-radius-bottom-left:0px;--awb-flex-wrap:wrap;\" ><div class=\"fusion-builder-row fusion-row fusion-flex-align-items-flex-start fusion-flex-content-wrap\" style=\"width:104% !important;max-width:104% !important;margin-left: calc(-4% \/ 2 );margin-right: calc(-4% \/ 2 );\"><div class=\"fusion-layout-column fusion_builder_column fusion-builder-column-2 fusion_builder_column_1_1 1_1 fusion-flex-column\" style=\"--awb-bg-size:cover;--awb-width-large:100%;--awb-margin-top-large:0px;--awb-spacing-right-large:1.92%;--awb-margin-bottom-large:0px;--awb-spacing-left-large:1.92%;--awb-width-medium:100%;--awb-order-medium:0;--awb-spacing-right-medium:1.92%;--awb-spacing-left-medium:1.92%;--awb-width-small:100%;--awb-order-small:0;--awb-spacing-right-small:1.92%;--awb-spacing-left-small:1.92%;\" data-scroll-devices=\"small-visibility,medium-visibility,large-visibility\"><div class=\"fusion-column-wrapper fusion-column-has-shadow fusion-flex-justify-content-flex-start fusion-content-layout-column\"><div style=\"text-align:center;\"><a class=\"fusion-button button-flat fusion-button-default-size button-default fusion-button-default button-2 fusion-button-default-span fusion-button-default-type\" style=\"--awb-margin-top:10px;--awb-margin-bottom:10px;\" target=\"_self\" href=\"https:\/\/estudiblanc.net\/es\/contacto\/\"><span class=\"fusion-button-text awb-button__text awb-button__text--default\">Contacto<\/span><\/a><\/div><\/div><\/div><\/div><\/div><\/p>\n","protected":false},"excerpt":{"rendered":"","protected":false},"author":1,"featured_media":0,"parent":0,"menu_order":0,"comment_status":"closed","ping_status":"closed","template":"100-width.php","meta":{"footnotes":""},"class_list":["post-4413","page","type-page","status-publish","hentry"],"aioseo_notices":[],"_links":{"self":[{"href":"https:\/\/estudiblanc.net\/es\/wp-json\/wp\/v2\/pages\/4413","targetHints":{"allow":["GET"]}}],"collection":[{"href":"https:\/\/estudiblanc.net\/es\/wp-json\/wp\/v2\/pages"}],"about":[{"href":"https:\/\/estudiblanc.net\/es\/wp-json\/wp\/v2\/types\/page"}],"author":[{"embeddable":true,"href":"https:\/\/estudiblanc.net\/es\/wp-json\/wp\/v2\/users\/1"}],"replies":[{"embeddable":true,"href":"https:\/\/estudiblanc.net\/es\/wp-json\/wp\/v2\/comments?post=4413"}],"version-history":[{"count":5,"href":"https:\/\/estudiblanc.net\/es\/wp-json\/wp\/v2\/pages\/4413\/revisions"}],"predecessor-version":[{"id":4635,"href":"https:\/\/estudiblanc.net\/es\/wp-json\/wp\/v2\/pages\/4413\/revisions\/4635"}],"wp:attachment":[{"href":"https:\/\/estudiblanc.net\/es\/wp-json\/wp\/v2\/media?parent=4413"}],"curies":[{"name":"wp","href":"https:\/\/api.w.org\/{rel}","templated":true}]}}